{"id":42,"date":"2020-06-12T18:05:08","date_gmt":"2020-06-12T16:05:08","guid":{"rendered":"http:\/\/mg-studiofitness.com\/?page_id=42"},"modified":"2022-07-20T19:49:22","modified_gmt":"2022-07-20T17:49:22","slug":"blog","status":"publish","type":"page","link":"https:\/\/mg-studiofitness.com\/index.php\/blog\/","title":{"rendered":"Blog"},"content":{"rendered":"<div>\n<h1 style=\"text-align: center;\">Tarte Abricots Pistache<\/h1>\n<\/div>\n<div style=\"text-align: center;\">\n<p>\u00a0 \u00a0\u00a0<img decoding=\"async\" loading=\"lazy\" class=\"alignnone size-thumbnail wp-image-481\" src=\"https:\/\/i0.wp.com\/mg-studiofitness.com\/wp-content\/uploads\/2022\/07\/T-abricots-2.jpg?resize=150%2C150&#038;ssl=1\" sizes=\"(max-width: 150px) 100vw, 150px\" srcset=\"https:\/\/i0.wp.com\/mg-studiofitness.com\/wp-content\/uploads\/2022\/07\/T-abricots-2.jpg?resize=150%2C150&#038;ssl=1 150w, https:\/\/mg-studiofitness.com\/wp-content\/uploads\/2022\/07\/T-abricots-2-300x300.jpg 300w, https:\/\/mg-studiofitness.com\/wp-content\/uploads\/2022\/07\/T-abricots-2-100x100.jpg 100w\" alt=\"\" width=\"150\" height=\"150\" data-recalc-dims=\"1\" \/><\/p>\n<h3>Pour la p\u00e2te:<\/h3>\n<p>170g de farine d\u2019\u00e9peautre<\/p>\n<p>40g de poudre d\u2019amande<\/p>\n<p>20g d\u2019huile de coco fondu<\/p>\n<p>1 ou 2 cs se sirop d\u2019agave<\/p>\n<p>50ml d\u2019eau<\/p>\n<h3>Pour la garniture:<\/h3>\n<p>Des abricots en fonction de la taille une quinzaine<\/p>\n<p>1 sachet d\u2019\u00e9clat de pistaches<\/p>\n<p>1cs de sucre de coco<\/p>\n<h3>\u00a0Pr\u00e9paration:<\/h3>\n<p>M\u00e9langez tous les ingr\u00e9dients pour la p\u00e2te.<\/p>\n<p>Pr\u00e9chauffez le four \u00e0 180\u00b0.<\/p>\n<p>Coupez les abricots en quartier.<\/p>\n<p>Etalez la p\u00e2te en cercle sur une feuille de papier sulfuris\u00e9.<\/p>\n<p>Saupoudrez la p\u00e2te avec vos \u00e9clat de pistache en garder un peu. Disposez vos tranches d\u2019abricot en laissant les bords libres, les rabattre sur les abricots.<\/p>\n<p>Saupoudrez avec le reste d\u2019\u00e9clats de pistaches et la cs de sucre de coco.<\/p>\n<p style=\"text-align: center;\">Faites cuire pendant 25mn.<\/p>\n<\/div>\n<p style=\"text-align: center;\">\n<header class=\"entry-header\">\n<div id=\"attachment_265\" style=\"width: 160px\" class=\"wp-caption aligncenter\"><img aria-describedby=\"caption-attachment-265\" decoding=\"async\" loading=\"lazy\" class=\"size-thumbnail wp-image-265\" src=\"https:\/\/i0.wp.com\/mg-studiofitness.com\/wp-content\/uploads\/2020\/07\/7E3E0B5A-0B5E-493E-8F4A-E75CAC5D9332-150x150.jpg?resize=150%2C150&#038;ssl=1\" alt=\"bageuls sympa maison\" width=\"150\" height=\"150\" data-recalc-dims=\"1\" \/><p id=\"caption-attachment-265\" class=\"wp-caption-text\">se faire plaisir c&rsquo;est important<\/p><\/div>\n<h3 class=\"single-title\" style=\"text-align: center;\">Comment manger Healthy<\/h3>\n<\/header>\n<div class=\"postmeta\" style=\"text-align: center;\">\n<div class=\"post-date\" style=\"text-align: center;\">27 juillet 2020<\/div>\n<div class=\"post-comment\" style=\"text-align: center;\"><a href=\"https:\/\/mg-studiofitness.com\/index.php\/2020\/07\/27\/comment-manger-healty\/#respond\" class=\"broken_link\">Aucun commentaire<\/a><\/div>\n<\/div>\n<div class=\"entry-content\">\n<h1 style=\"text-align: center;\">Faire ces courses Healthy<\/h1>\n<p style=\"text-align: center;\">Dans mon supermarch\u00e9, chez les petits producteurs de ma r\u00e9gion<\/p>\n<p style=\"text-align: center;\">Je privil\u00e9gie les produit non transform\u00e9<\/p>\n<p style=\"text-align: center;\">Les produit Bio ou de bonne qualit\u00e9<\/p>\n<h2 style=\"text-align: center;\">Cuisiner Healthy<\/h2>\n<p style=\"text-align: center;\">Sans sucre raffin\u00e9<\/p>\n<p style=\"text-align: center;\">On \u00e9vite les mauvaise graisse<\/p>\n<p style=\"text-align: center;\">On favorise les produits laitiers v\u00e9g\u00e9taux<\/p>\n<h3 style=\"text-align: center;\">Manger Healthy<\/h3>\n<p style=\"text-align: center;\">On mange en quantit\u00e9 normal<\/p>\n<p style=\"text-align: center;\">On oublie jamais la pr\u00e9sentation<\/p>\n<p style=\"text-align: center;\">On se fait plaisir<\/p>\n<\/div>\n","protected":false},"excerpt":{"rendered":"<p>Tarte Abricots Pistache \u00a0 \u00a0\u00a0 Pour la p\u00e2te: 170g de farine d\u2019\u00e9peautre 40g de poudre d\u2019amande 20g d\u2019huile de coco fondu 1 ou 2 cs se sirop d\u2019agave 50ml d\u2019eau Pour la garniture: Des abricots en fonction de la taille une quinzaine 1 sachet d\u2019\u00e9clat de pistaches 1cs de sucre de coco \u00a0Pr\u00e9paration: M\u00e9langez tous [&hellip;]<\/p>\n","protected":false},"author":1,"featured_media":265,"parent":0,"menu_order":0,"comment_status":"closed","ping_status":"closed","template":"","meta":{"advanced_seo_description":"","jetpack_seo_html_title":"","jetpack_seo_noindex":false},"jetpack-related-posts":[{"id":488,"url":"https:\/\/mg-studiofitness.com\/index.php\/blog\/tarte-abricots-pistache\/","url_meta":{"origin":42,"position":0},"title":"Tarte Abricots Pistache","date":"18 juillet 2022","format":false,"excerpt":"\u00a0 \u00a0 Pour la p\u00e2te: 170g de farine d'\u00e9peautre 40g de poudre d'amande 20g d'huile de coco fondu 1 ou 2 cs se sirop d'agave 50ml d'eau Pour la garniture: Des abricots en fonction de la taille une quinzaine 1 sachet d'\u00e9clat de pistaches 1cs de sucre de coco \u00a0Pr\u00e9paration:\u2026","rel":"","context":"Article similaire","img":{"alt_text":"","src":"","width":0,"height":0},"classes":[]},{"id":159,"url":"https:\/\/mg-studiofitness.com\/index.php\/tarifs\/","url_meta":{"origin":42,"position":1},"title":"tarifs","date":"9 juillet 2020","format":false,"excerpt":"Activit\u00e9s fitness Tarif MG Studiofitness \u00a0Tarif S\u00e9ance Nombre de s\u00e9ance Validit\u00e9 Engagement S\u00e9ance Unitaire 12 \u20ac 1 1 Jours Carnet MOOVE 55 \u20ac* 5 1 Mois 12 Mois Carnet Top Moove 105 \u20ac* 10 1 Mois 12 mois Abonement kids\/ADO 40 \u20ac* Mois 10 Mois Coaching Individuel 40 \u20ac 1\u2026","rel":"","context":"Article similaire","img":{"alt_text":"","src":"","width":0,"height":0},"classes":[]},{"id":41,"url":"https:\/\/mg-studiofitness.com\/index.php\/contact\/","url_meta":{"origin":42,"position":2},"title":"Contactez-nous","date":"12 juin 2020","format":false,"excerpt":"\u00a024 Avenue des Pyr\u00e9n\u00e9es 11400 Castelnaudary \u00a0","rel":"","context":"Article similaire","img":{"alt_text":"","src":"https:\/\/i0.wp.com\/mg-studiofitness.com\/wp-content\/uploads\/2020\/06\/cropped-kettlebell-5-e1658781414528.jpg?fit=512%2C512&ssl=1&resize=350%2C200","width":350,"height":200},"classes":[]},{"id":231,"url":"https:\/\/mg-studiofitness.com\/index.php\/la-minutes-press\/","url_meta":{"origin":42,"position":3},"title":"La minutes press","date":"15 juillet 2020","format":false,"excerpt":"Les clubs ne pr\u00e9sentent pas de risque suppl\u00e9mentaire d\u2019attraper le COVID-19 ! PUBLI\u00c9 LE30 JUIN 2020 SANT\u00c9 Une \u00e9tude universitaire de grande envergure a conclu qu\u2019il n\u2019y a \u00ab\u00a0aucune menace de propagation accrue de COVID-19\u00a0\u00bb dans les centres de remise en forme, m\u00eame en cas d\u2019entra\u00eenement intensif. Une \u00e9quipe de\u2026","rel":"","context":"Article similaire","img":{"alt_text":"Les clubs ne pr\u00c3\u00a9sentent pas de risque suppl\u00c3\u00a9mentaire d\u00e2\u0080\u0099attraper le COVID-19 !","src":"https:\/\/i0.wp.com\/coachs-challenges.com\/wp-content\/uploads\/2020\/04\/high345331_244835_328692-600x300.jpg?resize=350%2C200&ssl=1","width":350,"height":200},"classes":[]}],"jetpack_shortlink":"https:\/\/wp.me\/PcczjZ-G","_links":{"self":[{"href":"https:\/\/mg-studiofitness.com\/index.php\/wp-json\/wp\/v2\/pages\/42"}],"collection":[{"href":"https:\/\/mg-studiofitness.com\/index.php\/wp-json\/wp\/v2\/pages"}],"about":[{"href":"https:\/\/mg-studiofitness.com\/index.php\/wp-json\/wp\/v2\/types\/page"}],"author":[{"embeddable":true,"href":"https:\/\/mg-studiofitness.com\/index.php\/wp-json\/wp\/v2\/users\/1"}],"replies":[{"embeddable":true,"href":"https:\/\/mg-studiofitness.com\/index.php\/wp-json\/wp\/v2\/comments?post=42"}],"version-history":[{"count":5,"href":"https:\/\/mg-studiofitness.com\/index.php\/wp-json\/wp\/v2\/pages\/42\/revisions"}],"predecessor-version":[{"id":471,"href":"https:\/\/mg-studiofitness.com\/index.php\/wp-json\/wp\/v2\/pages\/42\/revisions\/471"}],"wp:featuredmedia":[{"embeddable":true,"href":"https:\/\/mg-studiofitness.com\/index.php\/wp-json\/wp\/v2\/media\/265"}],"wp:attachment":[{"href":"https:\/\/mg-studiofitness.com\/index.php\/wp-json\/wp\/v2\/media?parent=42"}],"curies":[{"name":"wp","href":"https:\/\/api.w.org\/{rel}","templated":true}]}}