{"id":40,"date":"2020-06-12T18:05:08","date_gmt":"2020-06-12T16:05:08","guid":{"rendered":"http:\/\/mg-studiofitness.com\/?page_id=40"},"modified":"2020-06-16T17:48:16","modified_gmt":"2020-06-16T15:48:16","slug":"a-propos-de","status":"publish","type":"page","link":"https:\/\/mg-studiofitness.com\/index.php\/a-propos-de\/","title":{"rendered":"\u00c0 propos de"},"content":{"rendered":"\n<p>Ensemble pour avancer.<\/p>\n\n\n\n<p>Oui qui dit sport dit nutrition ici nous partagerons un \u00e9tat d&rsquo;esprit un mode de vie pour nous permettre de se sentir mieux dans son corps et dans son psychique.<\/p>\n\n\n\n<p class=\"has-text-color has-very-dark-gray-color\">Je vous partageraiS mes recettes Healthy pour vous aider \u00e0 perdre du poids ou juste vous sentir mieux dans votre corps. <\/p>\n","protected":false},"excerpt":{"rendered":"<p>Ensemble pour avancer. Oui qui dit sport dit nutrition ici nous partagerons un \u00e9tat d&rsquo;esprit un mode de vie pour nous permettre de se sentir mieux dans son corps et dans son psychique. Je vous partageraiS mes recettes Healthy pour vous aider \u00e0 perdre du poids ou juste vous sentir mieux dans votre corps.<\/p>\n","protected":false},"author":1,"featured_media":0,"parent":0,"menu_order":0,"comment_status":"closed","ping_status":"closed","template":"","meta":{"advanced_seo_description":"","jetpack_seo_html_title":"","jetpack_seo_noindex":false},"jetpack-related-posts":[{"id":231,"url":"https:\/\/mg-studiofitness.com\/index.php\/la-minutes-press\/","url_meta":{"origin":40,"position":0},"title":"La minutes press","date":"15 juillet 2020","format":false,"excerpt":"Les clubs ne pr\u00e9sentent pas de risque suppl\u00e9mentaire d\u2019attraper le COVID-19 ! PUBLI\u00c9 LE30 JUIN 2020 SANT\u00c9 Une \u00e9tude universitaire de grande envergure a conclu qu\u2019il n\u2019y a \u00ab\u00a0aucune menace de propagation accrue de COVID-19\u00a0\u00bb dans les centres de remise en forme, m\u00eame en cas d\u2019entra\u00eenement intensif. Une \u00e9quipe de\u2026","rel":"","context":"Article similaire","img":{"alt_text":"Les clubs ne pr\u00c3\u00a9sentent pas de risque suppl\u00c3\u00a9mentaire d\u00e2\u0080\u0099attraper le COVID-19 !","src":"https:\/\/i0.wp.com\/coachs-challenges.com\/wp-content\/uploads\/2020\/04\/high345331_244835_328692-600x300.jpg?resize=350%2C200&ssl=1","width":350,"height":200},"classes":[]},{"id":2,"url":"https:\/\/mg-studiofitness.com\/index.php\/page-d-exemple\/","url_meta":{"origin":40,"position":1},"title":"Page d\u2019exemple","date":"10 juin 2020","format":false,"excerpt":"Ceci est une page d\u2019exemple. C\u2019est diff\u00e9rent d\u2019un article de blog parce qu\u2019elle restera au m\u00eame endroit et appara\u00eetra dans la navigation de votre site (dans la plupart des th\u00e8mes). La plupart des gens commencent par une page \u00ab\u00a0\u00c0 propos\u00a0\u00bb qui les pr\u00e9sente aux visiteurs du site. Cela pourrait ressembler\u2026","rel":"","context":"Article similaire","img":{"alt_text":"","src":"","width":0,"height":0},"classes":[]},{"id":159,"url":"https:\/\/mg-studiofitness.com\/index.php\/tarifs\/","url_meta":{"origin":40,"position":2},"title":"tarifs","date":"9 juillet 2020","format":false,"excerpt":"Activit\u00e9s fitness Tarif MG Studiofitness \u00a0Tarif S\u00e9ance Nombre de s\u00e9ance Validit\u00e9 Engagement S\u00e9ance Unitaire 12 \u20ac 1 1 Jours Carnet MOOVE 55 \u20ac* 5 1 Mois 12 Mois Carnet Top Moove 105 \u20ac* 10 1 Mois 12 mois Abonement kids\/ADO 40 \u20ac* Mois 10 Mois Coaching Individuel 40 \u20ac 1\u2026","rel":"","context":"Article similaire","img":{"alt_text":"","src":"","width":0,"height":0},"classes":[]},{"id":488,"url":"https:\/\/mg-studiofitness.com\/index.php\/blog\/tarte-abricots-pistache\/","url_meta":{"origin":40,"position":3},"title":"Tarte Abricots Pistache","date":"18 juillet 2022","format":false,"excerpt":"\u00a0 \u00a0 Pour la p\u00e2te: 170g de farine d'\u00e9peautre 40g de poudre d'amande 20g d'huile de coco fondu 1 ou 2 cs se sirop d'agave 50ml d'eau Pour la garniture: Des abricots en fonction de la taille une quinzaine 1 sachet d'\u00e9clat de pistaches 1cs de sucre de coco \u00a0Pr\u00e9paration:\u2026","rel":"","context":"Article similaire","img":{"alt_text":"","src":"","width":0,"height":0},"classes":[]},{"id":42,"url":"https:\/\/mg-studiofitness.com\/index.php\/blog\/","url_meta":{"origin":40,"position":4},"title":"Blog","date":"12 juin 2020","format":false,"excerpt":"Tarte Abricots Pistache \u00a0 \u00a0\u00a0 Pour la p\u00e2te: 170g de farine d\u2019\u00e9peautre 40g de poudre d\u2019amande 20g d\u2019huile de coco fondu 1 ou 2 cs se sirop d\u2019agave 50ml d\u2019eau Pour la garniture: Des abricots en fonction de la taille une quinzaine 1 sachet d\u2019\u00e9clat de pistaches 1cs de sucre\u2026","rel":"","context":"Article similaire","img":{"alt_text":"","src":"","width":0,"height":0},"classes":[]}],"jetpack_shortlink":"https:\/\/wp.me\/PcczjZ-E","_links":{"self":[{"href":"https:\/\/mg-studiofitness.com\/index.php\/wp-json\/wp\/v2\/pages\/40"}],"collection":[{"href":"https:\/\/mg-studiofitness.com\/index.php\/wp-json\/wp\/v2\/pages"}],"about":[{"href":"https:\/\/mg-studiofitness.com\/index.php\/wp-json\/wp\/v2\/types\/page"}],"author":[{"embeddable":true,"href":"https:\/\/mg-studiofitness.com\/index.php\/wp-json\/wp\/v2\/users\/1"}],"replies":[{"embeddable":true,"href":"https:\/\/mg-studiofitness.com\/index.php\/wp-json\/wp\/v2\/comments?post=40"}],"version-history":[{"count":4,"href":"https:\/\/mg-studiofitness.com\/index.php\/wp-json\/wp\/v2\/pages\/40\/revisions"}],"predecessor-version":[{"id":261,"href":"https:\/\/mg-studiofitness.com\/index.php\/wp-json\/wp\/v2\/pages\/40\/revisions\/261"}],"wp:attachment":[{"href":"https:\/\/mg-studiofitness.com\/index.php\/wp-json\/wp\/v2\/media?parent=40"}],"curies":[{"name":"wp","href":"https:\/\/api.w.org\/{rel}","templated":true}]}}